{"id":3174,"date":"2024-09-05T13:56:58","date_gmt":"2024-09-05T13:56:58","guid":{"rendered":"https:\/\/www.tvsporten.dk\/betting\/?page_id=3174"},"modified":"2025-02-07T14:20:52","modified_gmt":"2025-02-07T13:20:52","slug":"danmark-schweiz","status":"publish","type":"page","link":"https:\/\/www.tvsporten.dk\/betting\/begivenheder\/danmark-schweiz\/","title":{"rendered":"Danmark &#8211; Schweiz Odds 5 September"},"content":{"rendered":"\n<p>Danmark Schweiz m\u00f8der hinanden p\u00e5 dansk hjemmebane i den f\u00f8rste runde i Nation League i Liga A. Danmark Schweiz odds vil der derfor v\u00e6re masser af til en kamp, hvor begge hold vil pr\u00f8ve at vise sig frem fra start af i gruppen.<\/p>\n\n\n\n<h2 class=\"wp-block-heading\" id=\"h-danmark-mod-schweiz-hvem-kommer-til-at-vinde\">Danmark mod Schweiz &#8211; Hvem kommer til at vinde?<\/h2>\n\n\n\n<p>If\u00f8lge bookmakerne og deres odds er Danmark en svag favorit i deres \u00f8jne til at nuppe de tre point p\u00e5 den meget st\u00e6rke hjemmebane i Parken. Derudover tror bookmakerne, at odds for en uafgjort eller schweizisk sejr er omtrent lige store.<\/p>\n\n\n\n<h3 class=\"wp-block-heading\">Bettingtips for nations league &#8211; Danmark mod Schweiz<\/h3>\n\n\n\n<p>Danmark har p\u00e5 det seneste ikke haft historik med at lave mange m\u00e5l, og det seneste opg\u00f8r mellem de to mandskaber endte kampen 0-0. Selvom Danmark kommer med en ny tr\u00e6ner og flere potentielle nye debutanter i Nation League truppen, tror vi ikke at man g\u00e5r all in fra start af, og vi tror derfor at kampen ender med <strong>under 2.5 m\u00e5l.<\/strong> Dette udfald giver lige nu <strong>odds 1.60 hos Expekt<\/strong>.<\/p>\n\n\n\n<p>En spiller som Morten Hjulmand fra Sporting Lissabon har med sine f\u00e5 landskampe allerede opn\u00e5et h\u00f8j popularitet i den danske befolkning. Han var ogs\u00e5 den seneste spiller til at score for Danmark i deres kamp mod England ved EM, og er et fr\u00e6kt bud p\u00e5 en m\u00e5lscorer i kampen mod Schweiz. Dette giver hele <strong>odds 14.00<\/strong> <strong>hos Expekt<\/strong>.<\/p>\n\n\n\n<p>I og med at kampen er en ny begyndelse for det danske landshold, og der er en del sp\u00f8rgsm\u00e5lstegn ved kampen omkring holdet, s\u00e5 vil det anbefales at tjekke live betting ud hos blandt andre Expekt, hvor der er mulighed for at f\u00e5 attraktive live bets i l\u00f8bet af kampen.<\/p>\n\n\n\n<h2 class=\"wp-block-heading\">Nations League: Danmark Schweiz Bookmaker<\/h2>\n\n\n\n<p>Som altid tilbyder mange bookmakers odds p\u00e5 Nation League kampe. Dette g\u00e6lder liges\u00e5 Danmark Schweiz, hvor der er odds p\u00e5 denne kamp hos mange forskellige udbydere. Hos blandt andre Expekt kan blive tilbudt rigtige gode odds til Danmark Schweiz kampen. Samtidigt kan man benytte sig af Expekt matched freebet op til 600 kr for alle nye danske spillere. Derudover har man mulighed for at benytte sig af cash out hos Expekt til sine v\u00e6ddem\u00e5l.<\/p>\n\n\n\n<h2 class=\"wp-block-heading\">Statistik Danmark &#8211; Schweiz<\/h2>\n\n\n\n<p><em>23 Marts 2024<\/em><\/p>\n\n\n\n<p><em>Danmark 0-0 Schweiz<\/em><\/p>\n\n\n\n<p><em>12 Oktober 2019<\/em><\/p>\n\n\n\n<p><em>Danmark 1-0 Schweiz<\/em><\/p>\n\n\n\n<p><em>26 Marts 2019<\/em><\/p>\n\n\n\n<p><em>Schweiz 3-3 Danmark<\/em><\/p>\n\n\n\n<h2 class=\"wp-block-heading\">Om Danmark<\/h2>\n\n\n\n<p>Nations League-kampene mod b\u00e5de Schweiz og Serbien skal helst markere en ny begyndelse for det danske landshold. Is\u00e6r ovenp\u00e5 en EM-slutrunde hvor holdet aldrig rigtig sprudlede, og faktisk aldrig vandt en kamp, da man spillede 3 gange uafgjort i gruppen, og r\u00f8g ud i 1\/8 finalen til de tyske naboere.<\/p>\n\n\n\n<p>Efter EM-slutrunden i Tyskland trak Kasper Hjulmand sig fra posten som landstr\u00e6ner, og DBU valgte i f\u00f8rste omgang at udpege Morten Wieghorst som midlertidig landstr\u00e6ner i resten af 2024.<\/p>\n\n\n\n<p>Men kort f\u00f8r udtagelsen af landsholdstruppen til kampene mod Schweiz og Serbien m\u00e5tte Morten Wieghorst tr\u00e6kke sig tilbage p\u00e5 grund af stresssymptomer. Daniel Agger, som var udpeget til at v\u00e6re midlertidig assistent under Morten Wieghorst har ikke den n\u00f8dvendige tr\u00e6nerlicens til at styre tropperne. Derfor vil d\u00f8dboldtr\u00e6ner Lars Knudsen tage over og lede det danske landshold i de to kampe mod Schweiz og Serbien.<\/p>\n\n\n\n<h3 class=\"wp-block-heading\">Trup opdatering og n\u00f8glespillere hos Danmark<\/h3>\n\n\n\n<p>Det var forventet, at der ville ske flere \u00e6ndringer i den danske trup, da den nye vikarlandstr\u00e6ner Lars Knudsen og assistent Daniel Agger m\u00e5 klare sig uden de skadede spillere som Andreas Christensen, Rasmus H\u00f8jlund, Matt O\u2019Riley og m\u00e5lmand Frederik R\u00f8nnow. Derudover har b\u00e5de Simon Kj\u00e6r og Thomas Delaney valgt at stoppe p\u00e5 landsholdet. Senest har Maurits Kj\u00e6rgaard trukket sig, selvom han oprindeligt var udtaget som erstatning for den skadet Matt O\u2019Riley.<\/p>\n\n\n\n<p>Der er mulighed for, at Patrick Dorgu, Albert Gr\u00f8nb\u00e6k, Morten Frendrup, Mads Hermansen og Peter Vindahl Jensen kan f\u00e5 deres debut p\u00e5 landsholdet mod Schweiz. Desuden har Pierre-Emile H\u00f8jbjerg overtaget rollen som anf\u00f8rer efter Simon Kj\u00e6rs stop p\u00e5 landsholdet.<\/p>\n\n\n\n<p>Af n\u00f8glespillere kan man altid n\u00e6vne Christian Eriksen, selvom han ikke f\u00e5r meget spilletid hos sin klub Manchester United, s\u00e5 vil han stadigv\u00e6k blive anset som en vigtig n\u00f8glespiller for det danske landshold. Derudover vil forsvarsgeneralen Joachim Andersen blive en vigtig spiller i forsvaret og med den nyk\u00e5ret anf\u00f8rer Pierre-Emil H\u00f8jbjerg til at l\u00f8be de mange meter inde p\u00e5 midtbanen.<\/p>\n\n\n\n<p><strong>Forventet startopstilling for Danmark:<\/strong><\/p>\n\n\n\n<p><em>Schmeichel &#8211; Vestergaard &#8211; Andersen &#8211; Nelsson &#8211; Bah &#8211; Hjulmand &#8211; Eriksen &#8211; H\u00f8jbjerg &#8211; Skov Olsen &#8211; Wind &#8211; Dolberg.<\/em><\/p>\n\n\n\n<h2 class=\"wp-block-heading\">Om Schweiz<\/h2>\n\n\n\n<p>Det schweiziske landshold under ledelse af Murat Yakin, har haft en meget stabil periode siden Yakin blev landstr\u00e6ner i 2021.<\/p>\n\n\n\n<p>Holdet viste til det ovenst\u00e5ende EM i Tyskland, at de kan spille op mod de st\u00f8rste nationer i Europa. Holdet tabte faktisk hverken i ordin\u00e6r eller forl\u00e6nget spilletid under hele slutrunden. De spillede blandt andet uafgjort mod v\u00e6rtsnationen Tyskland i gruppen. Derudover sl\u00e5 de Italien ud i 1\/8 finalen med en 2-0 sejr, men m\u00e5tte lade sig besejre af England i kvartfinalen efter straffesparkskonkurrence.<\/p>\n\n\n\n<h3 class=\"wp-block-heading\">Trup opdatering og n\u00f8glespillere<\/h3>\n\n\n\n<p>Efter slutrunden har b\u00e5de m\u00e5lmandsveteranen Yann Sommer, forsvarsprofilen Fabian Sch\u00e4r og den offensive legende Xherdan Shaqiri valgt at stoppe det schweiziske landshold, som m\u00e5ske kommer til at sv\u00e6kke holdet imod Danmark. Ellers er der ikke nogen n\u00e6vnev\u00e6rdige skader, som har m\u00e5tte melde afbud til denne landsholdstermin for det schweiziske landshold.<\/p>\n\n\n\n<p>Schweiz kommer med st\u00e6rke profiler som Gregor Kobel fra Borussia Dortmund, Manuel Akanji fra Manchester City og Granit Xhaka fra Bayer Leverkusen, hvilket g\u00f8r dem til en solid og sv\u00e6r modstander.<\/p>\n\n\n\n<p><strong>Forventet startopstilling for Schweiz:<\/strong><\/p>\n\n\n\n<p><em>Kobel &#8211;&nbsp; Rodriguez &#8211;&nbsp; Akanji &#8211;&nbsp; Elvedi &#8211;&nbsp; Widmer &#8211;&nbsp; Xhaka &#8211;&nbsp; Freuler &#8211;&nbsp; Zakaria &#8211;&nbsp; Zuber &#8211;&nbsp; Embolo &#8211;&nbsp; Vargas.<\/em><\/p>\n\n\n\n<h2 class=\"wp-block-heading\">Danmark Schweiz historiske resultater<\/h2>\n\n\n\n<p>Danmark og Schweiz har historisk set m\u00f8dt hinanden 7 gange. Af de 7 gange er 4 af dem endt uden vinder. Danmark har vundet 2 af opg\u00f8rene og Schweiz kun en enkelt. Den eneste sejr til Schweiz skal man helt tilbage til VM-kvalifikationen i 1984, som faktisk var det f\u00f8rste m\u00f8de mellem de to nationer.<\/p>\n\n\n\n<h2 class=\"wp-block-heading\"><strong>FAQ <\/strong><\/h2>\n\n\n\n<div class=\"schema-faq wp-block-yoast-faq-block\"><div class=\"schema-faq-section\" id=\"faq-question-1725544551061\"><strong class=\"schema-faq-question\"><strong>Hvad er de aktuelle odds for Danmark mod Schweiz?<\/strong><\/strong> <p class=\"schema-faq-answer\">Bookmakers giver i gennemsnit Danmark odds 2.38. Uafgjort er odds 3.20. Schweiz giver odds 3.22.<\/p> <\/div> <div class=\"schema-faq-section\" id=\"faq-question-1725544754619\"><strong class=\"schema-faq-question\"><strong>Hvilke betting sider tilbyder de bedste odds p\u00e5 Danmark mod Schweiz?<\/strong><\/strong> <p class=\"schema-faq-answer\">I \u00f8jeblikket tilbyder 1xBet de bedste odds p\u00e5 en dansk sejr til odds 2.44 og en uafgjort til odds 3.27. Lastbest giver det h\u00f8jeste odds p\u00e5 Schweiz til odds 3.30.<\/p> <\/div> <div class=\"schema-faq-section\" id=\"faq-question-1725544756091\"><strong class=\"schema-faq-question\"><strong>Er der nogen specielle tilbud eller bonusser tilg\u00e6ngelige for kampen mellem Danmark og Schweiz?<\/strong><\/strong> <p class=\"schema-faq-answer\">I \u00f8jeblikket er der ikke nogen bonusser eller tilbud p\u00e5 denne specifikke kamp.<\/p> <\/div> <div class=\"schema-faq-section\" id=\"faq-question-1725544756580\"><strong class=\"schema-faq-question\"><strong>Hvordan p\u00e5virker holdopstillingerne oddsene for Danmark mod Schweiz?<\/strong><\/strong> <p class=\"schema-faq-answer\">Hvis der opst\u00e5r nogen skader hos nogle potentielt startende spillere, kan det nemt have en effekt p\u00e5 oddset p\u00e5 Nation League kampen. Desuden kan generelle overraskelser i holdopstillingen fra de to hold p\u00e5virke oddsene forud for kampen.<\/p> <\/div> <\/div>\n","protected":false},"excerpt":{"rendered":"<p>Danmark Schweiz m\u00f8der hinanden p\u00e5 dansk hjemmebane i den f\u00f8rste runde i Nation League i Liga A. Danmark Schweiz odds vil der derfor v\u00e6re masser af til en kamp, hvor begge hold vil pr\u00f8ve at vise sig frem fra start af i gruppen. Danmark mod Schweiz &#8211; Hvem kommer til at vinde? If\u00f8lge bookmakerne og&#8230;<\/p>\n","protected":false},"author":7,"featured_media":1568,"parent":1740,"menu_order":0,"comment_status":"closed","ping_status":"closed","template":"","meta":{"_acf_changed":false,"inline_featured_image":false,"footnotes":""},"class_list":["post-3174","page","type-page","status-publish","has-post-thumbnail","hentry"],"acf":[],"yoast_head":"<!-- This site is optimized with the Yoast SEO plugin v26.5 - https:\/\/yoast.com\/wordpress\/plugins\/seo\/ -->\n<title>Danmark - Schweiz Odds 5 September - 5 September<\/title>\n<meta name=\"robots\" content=\"index, follow, max-snippet:-1, max-image-preview:large, max-video-preview:-1\" \/>\n<link rel=\"canonical\" href=\"https:\/\/www.tvsporten.dk\/betting\/begivenheder\/danmark-schweiz\/\" \/>\n<meta property=\"og:locale\" content=\"da_DK\" \/>\n<meta property=\"og:type\" content=\"article\" \/>\n<meta property=\"og:title\" content=\"Danmark - Schweiz Odds 5 September - 5 September\" \/>\n<meta property=\"og:description\" content=\"Danmark Schweiz m\u00f8der hinanden p\u00e5 dansk hjemmebane i den f\u00f8rste runde i Nation League i Liga A. Danmark Schweiz odds vil der derfor v\u00e6re masser af til en kamp, hvor begge hold vil pr\u00f8ve at vise sig frem fra start af i gruppen. Danmark mod Schweiz &#8211; Hvem kommer til at vinde? If\u00f8lge bookmakerne og...\" \/>\n<meta property=\"og:url\" content=\"https:\/\/www.tvsporten.dk\/betting\/begivenheder\/danmark-schweiz\/\" \/>\n<meta property=\"og:site_name\" content=\"TV Sporten Betting\" \/>\n<meta property=\"article:modified_time\" content=\"2025-02-07T13:20:52+00:00\" \/>\n<meta property=\"og:image\" content=\"https:\/\/www.tvsporten.dk\/betting\/wp-content\/uploads\/2023\/08\/tvsporten-betting.jpg\" \/>\n\t<meta property=\"og:image:width\" content=\"400\" \/>\n\t<meta property=\"og:image:height\" content=\"200\" \/>\n\t<meta property=\"og:image:type\" content=\"image\/jpeg\" \/>\n<meta name=\"twitter:card\" content=\"summary_large_image\" \/>\n<meta name=\"twitter:label1\" content=\"Estimeret l\u00e6setid\" \/>\n\t<meta name=\"twitter:data1\" content=\"7 minutter\" \/>\n<script type=\"application\/ld+json\" class=\"yoast-schema-graph\">{\"@context\":\"https:\/\/schema.org\",\"@graph\":[{\"@type\":[\"WebPage\",\"FAQPage\"],\"@id\":\"https:\/\/www.tvsporten.dk\/betting\/begivenheder\/danmark-schweiz\/\",\"url\":\"https:\/\/www.tvsporten.dk\/betting\/begivenheder\/danmark-schweiz\/\",\"name\":\"Danmark - Schweiz Odds 5 September - 5 September\",\"isPartOf\":{\"@id\":\"https:\/\/www.tvsporten.dk\/betting\/#website\"},\"primaryImageOfPage\":{\"@id\":\"https:\/\/www.tvsporten.dk\/betting\/begivenheder\/danmark-schweiz\/#primaryimage\"},\"image\":{\"@id\":\"https:\/\/www.tvsporten.dk\/betting\/begivenheder\/danmark-schweiz\/#primaryimage\"},\"thumbnailUrl\":\"https:\/\/cdn.betting.tvsporten.dk\/betting\/wp-content\/uploads\/2023\/08\/tvsporten-betting.jpg\",\"datePublished\":\"2024-09-05T13:56:58+00:00\",\"dateModified\":\"2025-02-07T13:20:52+00:00\",\"breadcrumb\":{\"@id\":\"https:\/\/www.tvsporten.dk\/betting\/begivenheder\/danmark-schweiz\/#breadcrumb\"},\"mainEntity\":[{\"@id\":\"https:\/\/www.tvsporten.dk\/betting\/begivenheder\/danmark-schweiz\/#faq-question-1725544551061\"},{\"@id\":\"https:\/\/www.tvsporten.dk\/betting\/begivenheder\/danmark-schweiz\/#faq-question-1725544754619\"},{\"@id\":\"https:\/\/www.tvsporten.dk\/betting\/begivenheder\/danmark-schweiz\/#faq-question-1725544756091\"},{\"@id\":\"https:\/\/www.tvsporten.dk\/betting\/begivenheder\/danmark-schweiz\/#faq-question-1725544756580\"}],\"inLanguage\":\"da-DK\",\"potentialAction\":[{\"@type\":\"ReadAction\",\"target\":[\"https:\/\/www.tvsporten.dk\/betting\/begivenheder\/danmark-schweiz\/\"]}]},{\"@type\":\"ImageObject\",\"inLanguage\":\"da-DK\",\"@id\":\"https:\/\/www.tvsporten.dk\/betting\/begivenheder\/danmark-schweiz\/#primaryimage\",\"url\":\"https:\/\/cdn.betting.tvsporten.dk\/betting\/wp-content\/uploads\/2023\/08\/tvsporten-betting.jpg\",\"contentUrl\":\"https:\/\/cdn.betting.tvsporten.dk\/betting\/wp-content\/uploads\/2023\/08\/tvsporten-betting.jpg\",\"width\":400,\"height\":200,\"caption\":\"tvsporten betting\"},{\"@type\":\"BreadcrumbList\",\"@id\":\"https:\/\/www.tvsporten.dk\/betting\/begivenheder\/danmark-schweiz\/#breadcrumb\",\"itemListElement\":[{\"@type\":\"ListItem\",\"position\":1,\"name\":\"Hjem\",\"item\":\"https:\/\/www.tvsporten.dk\/\"},{\"@type\":\"ListItem\",\"position\":2,\"name\":\"Betting\",\"item\":\"https:\/\/www.tvsporten.dk\/betting\/\"},{\"@type\":\"ListItem\",\"position\":3,\"name\":\"Begivenheder\",\"item\":\"https:\/\/www.tvsporten.dk\/betting\/begivenheder\/\"},{\"@type\":\"ListItem\",\"position\":4,\"name\":\"Danmark &#8211; Schweiz Odds 5 September\"}]},{\"@type\":\"WebSite\",\"@id\":\"https:\/\/www.tvsporten.dk\/betting\/#website\",\"url\":\"https:\/\/www.tvsporten.dk\/betting\/\",\"name\":\"TV Sporten Betting\",\"description\":\"De bedste odds og bonusser \u2013 find din bettingside her!\",\"publisher\":{\"@id\":\"https:\/\/www.tvsporten.dk\/betting\/#organization\"},\"potentialAction\":[{\"@type\":\"SearchAction\",\"target\":{\"@type\":\"EntryPoint\",\"urlTemplate\":\"https:\/\/www.tvsporten.dk\/betting\/?s={search_term_string}\"},\"query-input\":{\"@type\":\"PropertyValueSpecification\",\"valueRequired\":true,\"valueName\":\"search_term_string\"}}],\"inLanguage\":\"da-DK\"},{\"@type\":\"Organization\",\"@id\":\"https:\/\/www.tvsporten.dk\/betting\/#organization\",\"name\":\"TV Sporten Betting\",\"url\":\"https:\/\/www.tvsporten.dk\/betting\/\",\"logo\":{\"@type\":\"ImageObject\",\"inLanguage\":\"da-DK\",\"@id\":\"https:\/\/www.tvsporten.dk\/betting\/#\/schema\/logo\/image\/\",\"url\":\"https:\/\/www.tvsporten.dk\/betting\/wp-content\/uploads\/2023\/02\/logo-tvsporten-dk-betting-white.png\",\"contentUrl\":\"https:\/\/www.tvsporten.dk\/betting\/wp-content\/uploads\/2023\/02\/logo-tvsporten-dk-betting-white.png\",\"width\":448,\"height\":66,\"caption\":\"TV Sporten Betting\"},\"image\":{\"@id\":\"https:\/\/www.tvsporten.dk\/betting\/#\/schema\/logo\/image\/\"}},{\"@type\":\"Question\",\"@id\":\"https:\/\/www.tvsporten.dk\/betting\/begivenheder\/danmark-schweiz\/#faq-question-1725544551061\",\"position\":1,\"url\":\"https:\/\/www.tvsporten.dk\/betting\/begivenheder\/danmark-schweiz\/#faq-question-1725544551061\",\"name\":\"u003cstrongu003eHvad er de aktuelle odds for Danmark mod Schweiz?u003c\/strongu003e\",\"answerCount\":1,\"acceptedAnswer\":{\"@type\":\"Answer\",\"text\":\"Bookmakers giver i gennemsnit Danmark odds 2.38. Uafgjort er odds 3.20. Schweiz giver odds 3.22.\",\"inLanguage\":\"da-DK\"},\"inLanguage\":\"da-DK\"},{\"@type\":\"Question\",\"@id\":\"https:\/\/www.tvsporten.dk\/betting\/begivenheder\/danmark-schweiz\/#faq-question-1725544754619\",\"position\":2,\"url\":\"https:\/\/www.tvsporten.dk\/betting\/begivenheder\/danmark-schweiz\/#faq-question-1725544754619\",\"name\":\"u003cstrongu003eHvilke betting sider tilbyder de bedste odds p\u00e5 Danmark mod Schweiz?u003c\/strongu003e\",\"answerCount\":1,\"acceptedAnswer\":{\"@type\":\"Answer\",\"text\":\"I \u00f8jeblikket tilbyder 1xBet de bedste odds p\u00e5 en dansk sejr til odds 2.44 og en uafgjort til odds 3.27. Lastbest giver det h\u00f8jeste odds p\u00e5 Schweiz til odds 3.30.\",\"inLanguage\":\"da-DK\"},\"inLanguage\":\"da-DK\"},{\"@type\":\"Question\",\"@id\":\"https:\/\/www.tvsporten.dk\/betting\/begivenheder\/danmark-schweiz\/#faq-question-1725544756091\",\"position\":3,\"url\":\"https:\/\/www.tvsporten.dk\/betting\/begivenheder\/danmark-schweiz\/#faq-question-1725544756091\",\"name\":\"u003cstrongu003eEr der nogen specielle tilbud eller bonusser tilg\u00e6ngelige for kampen mellem Danmark og Schweiz?u003c\/strongu003e\",\"answerCount\":1,\"acceptedAnswer\":{\"@type\":\"Answer\",\"text\":\"I \u00f8jeblikket er der ikke nogen bonusser eller tilbud p\u00e5 denne specifikke kamp.\",\"inLanguage\":\"da-DK\"},\"inLanguage\":\"da-DK\"},{\"@type\":\"Question\",\"@id\":\"https:\/\/www.tvsporten.dk\/betting\/begivenheder\/danmark-schweiz\/#faq-question-1725544756580\",\"position\":4,\"url\":\"https:\/\/www.tvsporten.dk\/betting\/begivenheder\/danmark-schweiz\/#faq-question-1725544756580\",\"name\":\"u003cstrongu003eHvordan p\u00e5virker holdopstillingerne oddsene for Danmark mod Schweiz?u003c\/strongu003e\",\"answerCount\":1,\"acceptedAnswer\":{\"@type\":\"Answer\",\"text\":\"Hvis der opst\u00e5r nogen skader hos nogle potentielt startende spillere, kan det nemt have en effekt p\u00e5 oddset p\u00e5 Nation League kampen. Desuden kan generelle overraskelser i holdopstillingen fra de to hold p\u00e5virke oddsene forud for kampen.\",\"inLanguage\":\"da-DK\"},\"inLanguage\":\"da-DK\"}]}<\/script>\n<!-- \/ Yoast SEO plugin. -->","yoast_head_json":{"title":"Danmark - Schweiz Odds 5 September - 5 September","robots":{"index":"index","follow":"follow","max-snippet":"max-snippet:-1","max-image-preview":"max-image-preview:large","max-video-preview":"max-video-preview:-1"},"canonical":"https:\/\/www.tvsporten.dk\/betting\/begivenheder\/danmark-schweiz\/","og_locale":"da_DK","og_type":"article","og_title":"Danmark - Schweiz Odds 5 September - 5 September","og_description":"Danmark Schweiz m\u00f8der hinanden p\u00e5 dansk hjemmebane i den f\u00f8rste runde i Nation League i Liga A. Danmark Schweiz odds vil der derfor v\u00e6re masser af til en kamp, hvor begge hold vil pr\u00f8ve at vise sig frem fra start af i gruppen. Danmark mod Schweiz &#8211; Hvem kommer til at vinde? If\u00f8lge bookmakerne og...","og_url":"https:\/\/www.tvsporten.dk\/betting\/begivenheder\/danmark-schweiz\/","og_site_name":"TV Sporten Betting","article_modified_time":"2025-02-07T13:20:52+00:00","og_image":[{"width":400,"height":200,"url":"https:\/\/www.tvsporten.dk\/betting\/wp-content\/uploads\/2023\/08\/tvsporten-betting.jpg","type":"image\/jpeg"}],"twitter_card":"summary_large_image","twitter_misc":{"Estimeret l\u00e6setid":"7 minutter"},"schema":{"@context":"https:\/\/schema.org","@graph":[{"@type":["WebPage","FAQPage"],"@id":"https:\/\/www.tvsporten.dk\/betting\/begivenheder\/danmark-schweiz\/","url":"https:\/\/www.tvsporten.dk\/betting\/begivenheder\/danmark-schweiz\/","name":"Danmark - Schweiz Odds 5 September - 5 September","isPartOf":{"@id":"https:\/\/www.tvsporten.dk\/betting\/#website"},"primaryImageOfPage":{"@id":"https:\/\/www.tvsporten.dk\/betting\/begivenheder\/danmark-schweiz\/#primaryimage"},"image":{"@id":"https:\/\/www.tvsporten.dk\/betting\/begivenheder\/danmark-schweiz\/#primaryimage"},"thumbnailUrl":"https:\/\/cdn.betting.tvsporten.dk\/betting\/wp-content\/uploads\/2023\/08\/tvsporten-betting.jpg","datePublished":"2024-09-05T13:56:58+00:00","dateModified":"2025-02-07T13:20:52+00:00","breadcrumb":{"@id":"https:\/\/www.tvsporten.dk\/betting\/begivenheder\/danmark-schweiz\/#breadcrumb"},"mainEntity":[{"@id":"https:\/\/www.tvsporten.dk\/betting\/begivenheder\/danmark-schweiz\/#faq-question-1725544551061"},{"@id":"https:\/\/www.tvsporten.dk\/betting\/begivenheder\/danmark-schweiz\/#faq-question-1725544754619"},{"@id":"https:\/\/www.tvsporten.dk\/betting\/begivenheder\/danmark-schweiz\/#faq-question-1725544756091"},{"@id":"https:\/\/www.tvsporten.dk\/betting\/begivenheder\/danmark-schweiz\/#faq-question-1725544756580"}],"inLanguage":"da-DK","potentialAction":[{"@type":"ReadAction","target":["https:\/\/www.tvsporten.dk\/betting\/begivenheder\/danmark-schweiz\/"]}]},{"@type":"ImageObject","inLanguage":"da-DK","@id":"https:\/\/www.tvsporten.dk\/betting\/begivenheder\/danmark-schweiz\/#primaryimage","url":"https:\/\/cdn.betting.tvsporten.dk\/betting\/wp-content\/uploads\/2023\/08\/tvsporten-betting.jpg","contentUrl":"https:\/\/cdn.betting.tvsporten.dk\/betting\/wp-content\/uploads\/2023\/08\/tvsporten-betting.jpg","width":400,"height":200,"caption":"tvsporten betting"},{"@type":"BreadcrumbList","@id":"https:\/\/www.tvsporten.dk\/betting\/begivenheder\/danmark-schweiz\/#breadcrumb","itemListElement":[{"@type":"ListItem","position":1,"name":"Hjem","item":"https:\/\/www.tvsporten.dk\/"},{"@type":"ListItem","position":2,"name":"Betting","item":"https:\/\/www.tvsporten.dk\/betting\/"},{"@type":"ListItem","position":3,"name":"Begivenheder","item":"https:\/\/www.tvsporten.dk\/betting\/begivenheder\/"},{"@type":"ListItem","position":4,"name":"Danmark &#8211; Schweiz Odds 5 September"}]},{"@type":"WebSite","@id":"https:\/\/www.tvsporten.dk\/betting\/#website","url":"https:\/\/www.tvsporten.dk\/betting\/","name":"TV Sporten Betting","description":"De bedste odds og bonusser \u2013 find din bettingside her!","publisher":{"@id":"https:\/\/www.tvsporten.dk\/betting\/#organization"},"potentialAction":[{"@type":"SearchAction","target":{"@type":"EntryPoint","urlTemplate":"https:\/\/www.tvsporten.dk\/betting\/?s={search_term_string}"},"query-input":{"@type":"PropertyValueSpecification","valueRequired":true,"valueName":"search_term_string"}}],"inLanguage":"da-DK"},{"@type":"Organization","@id":"https:\/\/www.tvsporten.dk\/betting\/#organization","name":"TV Sporten Betting","url":"https:\/\/www.tvsporten.dk\/betting\/","logo":{"@type":"ImageObject","inLanguage":"da-DK","@id":"https:\/\/www.tvsporten.dk\/betting\/#\/schema\/logo\/image\/","url":"https:\/\/www.tvsporten.dk\/betting\/wp-content\/uploads\/2023\/02\/logo-tvsporten-dk-betting-white.png","contentUrl":"https:\/\/www.tvsporten.dk\/betting\/wp-content\/uploads\/2023\/02\/logo-tvsporten-dk-betting-white.png","width":448,"height":66,"caption":"TV Sporten Betting"},"image":{"@id":"https:\/\/www.tvsporten.dk\/betting\/#\/schema\/logo\/image\/"}},{"@type":"Question","@id":"https:\/\/www.tvsporten.dk\/betting\/begivenheder\/danmark-schweiz\/#faq-question-1725544551061","position":1,"url":"https:\/\/www.tvsporten.dk\/betting\/begivenheder\/danmark-schweiz\/#faq-question-1725544551061","name":"u003cstrongu003eHvad er de aktuelle odds for Danmark mod Schweiz?u003c\/strongu003e","answerCount":1,"acceptedAnswer":{"@type":"Answer","text":"Bookmakers giver i gennemsnit Danmark odds 2.38. Uafgjort er odds 3.20. Schweiz giver odds 3.22.","inLanguage":"da-DK"},"inLanguage":"da-DK"},{"@type":"Question","@id":"https:\/\/www.tvsporten.dk\/betting\/begivenheder\/danmark-schweiz\/#faq-question-1725544754619","position":2,"url":"https:\/\/www.tvsporten.dk\/betting\/begivenheder\/danmark-schweiz\/#faq-question-1725544754619","name":"u003cstrongu003eHvilke betting sider tilbyder de bedste odds p\u00e5 Danmark mod Schweiz?u003c\/strongu003e","answerCount":1,"acceptedAnswer":{"@type":"Answer","text":"I \u00f8jeblikket tilbyder 1xBet de bedste odds p\u00e5 en dansk sejr til odds 2.44 og en uafgjort til odds 3.27. Lastbest giver det h\u00f8jeste odds p\u00e5 Schweiz til odds 3.30.","inLanguage":"da-DK"},"inLanguage":"da-DK"},{"@type":"Question","@id":"https:\/\/www.tvsporten.dk\/betting\/begivenheder\/danmark-schweiz\/#faq-question-1725544756091","position":3,"url":"https:\/\/www.tvsporten.dk\/betting\/begivenheder\/danmark-schweiz\/#faq-question-1725544756091","name":"u003cstrongu003eEr der nogen specielle tilbud eller bonusser tilg\u00e6ngelige for kampen mellem Danmark og Schweiz?u003c\/strongu003e","answerCount":1,"acceptedAnswer":{"@type":"Answer","text":"I \u00f8jeblikket er der ikke nogen bonusser eller tilbud p\u00e5 denne specifikke kamp.","inLanguage":"da-DK"},"inLanguage":"da-DK"},{"@type":"Question","@id":"https:\/\/www.tvsporten.dk\/betting\/begivenheder\/danmark-schweiz\/#faq-question-1725544756580","position":4,"url":"https:\/\/www.tvsporten.dk\/betting\/begivenheder\/danmark-schweiz\/#faq-question-1725544756580","name":"u003cstrongu003eHvordan p\u00e5virker holdopstillingerne oddsene for Danmark mod Schweiz?u003c\/strongu003e","answerCount":1,"acceptedAnswer":{"@type":"Answer","text":"Hvis der opst\u00e5r nogen skader hos nogle potentielt startende spillere, kan det nemt have en effekt p\u00e5 oddset p\u00e5 Nation League kampen. Desuden kan generelle overraskelser i holdopstillingen fra de to hold p\u00e5virke oddsene forud for kampen.","inLanguage":"da-DK"},"inLanguage":"da-DK"}]}},"_links":{"self":[{"href":"https:\/\/www.tvsporten.dk\/betting\/wp-json\/wp\/v2\/pages\/3174","targetHints":{"allow":["GET"]}}],"collection":[{"href":"https:\/\/www.tvsporten.dk\/betting\/wp-json\/wp\/v2\/pages"}],"about":[{"href":"https:\/\/www.tvsporten.dk\/betting\/wp-json\/wp\/v2\/types\/page"}],"author":[{"embeddable":true,"href":"https:\/\/www.tvsporten.dk\/betting\/wp-json\/wp\/v2\/users\/7"}],"replies":[{"embeddable":true,"href":"https:\/\/www.tvsporten.dk\/betting\/wp-json\/wp\/v2\/comments?post=3174"}],"version-history":[{"count":7,"href":"https:\/\/www.tvsporten.dk\/betting\/wp-json\/wp\/v2\/pages\/3174\/revisions"}],"predecessor-version":[{"id":3618,"href":"https:\/\/www.tvsporten.dk\/betting\/wp-json\/wp\/v2\/pages\/3174\/revisions\/3618"}],"up":[{"embeddable":true,"href":"https:\/\/www.tvsporten.dk\/betting\/wp-json\/wp\/v2\/pages\/1740"}],"wp:featuredmedia":[{"embeddable":true,"href":"https:\/\/www.tvsporten.dk\/betting\/wp-json\/wp\/v2\/media\/1568"}],"wp:attachment":[{"href":"https:\/\/www.tvsporten.dk\/betting\/wp-json\/wp\/v2\/media?parent=3174"}],"curies":[{"name":"wp","href":"https:\/\/api.w.org\/{rel}","templated":true}]}}